{"id":197120,"date":"2018-04-09T14:11:30","date_gmt":"2018-04-09T13:11:30","guid":{"rendered":"https:\/\/instavolt.ie\/tiomanaithe\/"},"modified":"2025-04-11T16:34:06","modified_gmt":"2025-04-11T15:34:06","slug":"tiomanaithe","status":"publish","type":"page","link":"https:\/\/instavolt.ie\/ga\/tiomanaithe\/","title":{"rendered":"Tiom\u00e1naithe"},"content":{"rendered":"","protected":false},"excerpt":{"rendered":"","protected":false},"author":4,"featured_media":0,"parent":0,"menu_order":0,"comment_status":"closed","ping_status":"closed","template":"templates\/page-drivers.php","meta":{"_acf_changed":false,"footnotes":""},"class_list":["post-197120","page","type-page","status-publish","hentry"],"acf":[],"yoast_head":"<!-- This site is optimized with the Yoast SEO plugin v27.0 - https:\/\/yoast.com\/product\/yoast-seo-wordpress\/ -->\n<title>Luchtair\u00ed Tapa, \u00c1iti\u00fala, FL| Lucht\u00fa FL| InstaVolt<\/title>\n<meta name=\"description\" content=\"Tap\u00e1il agus \u00edoc ag \u00e1r st\u00e1isi\u00fain luchtaithe feithicil leictreacha go l\u00e9ir le do ch\u00e1rta gan tadhall agus seachain \u00edoc as t\u00e1ill\u00ed ballra\u00edochta n\u00f3 luchtair\u00ed fholaithe.\" \/>\n<meta name=\"robots\" content=\"index, follow, max-snippet:-1, max-image-preview:large, max-video-preview:-1\" \/>\n<link rel=\"canonical\" href=\"https:\/\/instavolt.ie\/ga\/tiomanaithe\/\" \/>\n<meta name=\"twitter:card\" content=\"summary_large_image\" \/>\n<meta name=\"twitter:title\" content=\"Luchtair\u00ed Tapa, \u00c1iti\u00fala, FL| Lucht\u00fa FL| InstaVolt\" \/>\n<meta name=\"twitter:description\" content=\"Tap\u00e1il agus \u00edoc ag \u00e1r st\u00e1isi\u00fain luchtaithe feithicil leictreacha go l\u00e9ir le do ch\u00e1rta gan tadhall agus seachain \u00edoc as t\u00e1ill\u00ed ballra\u00edochta n\u00f3 luchtair\u00ed fholaithe.\" \/>\n<meta name=\"twitter:site\" content=\"@instavoltuk\" \/>\n<meta name=\"twitter:label1\" content=\"Est. reading time\" \/>\n\t<meta name=\"twitter:data1\" content=\"7 minutes\" \/>\n<script type=\"application\/ld+json\" class=\"yoast-schema-graph\">{\"@context\":\"https:\/\/schema.org\",\"@graph\":[{\"@type\":\"WebPage\",\"@id\":\"https:\/\/instavolt.ie\/ga\/tiomanaithe\/\",\"url\":\"https:\/\/instavolt.ie\/ga\/tiomanaithe\/\",\"name\":\"Luchtair\u00ed Tapa, \u00c1iti\u00fala, FL| Lucht\u00fa FL| InstaVolt\",\"isPartOf\":{\"@id\":\"https:\/\/instavolt.ie\/ga\/#website\"},\"datePublished\":\"2018-04-09T13:11:30+00:00\",\"dateModified\":\"2025-04-11T15:34:06+00:00\",\"description\":\"Tap\u00e1il agus \u00edoc ag \u00e1r st\u00e1isi\u00fain luchtaithe feithicil leictreacha go l\u00e9ir le do ch\u00e1rta gan tadhall agus seachain \u00edoc as t\u00e1ill\u00ed ballra\u00edochta n\u00f3 luchtair\u00ed fholaithe.\",\"breadcrumb\":{\"@id\":\"https:\/\/instavolt.ie\/ga\/tiomanaithe\/#breadcrumb\"},\"inLanguage\":\"ga-IE\",\"potentialAction\":[{\"@type\":\"ReadAction\",\"target\":[\"https:\/\/instavolt.ie\/ga\/tiomanaithe\/\"]}]},{\"@type\":\"BreadcrumbList\",\"@id\":\"https:\/\/instavolt.ie\/ga\/tiomanaithe\/#breadcrumb\",\"itemListElement\":[{\"@type\":\"ListItem\",\"position\":1,\"name\":\"Home\",\"item\":\"https:\/\/instavolt.ie\/ga\/\"},{\"@type\":\"ListItem\",\"position\":2,\"name\":\"Tiom\u00e1naithe\"}]},{\"@type\":\"WebSite\",\"@id\":\"https:\/\/instavolt.ie\/ga\/#website\",\"url\":\"https:\/\/instavolt.ie\/ga\/\",\"name\":\"InstaVolt\",\"description\":\"Simple EV charging\",\"publisher\":{\"@id\":\"https:\/\/instavolt.ie\/ga\/#organization\"},\"potentialAction\":[{\"@type\":\"SearchAction\",\"target\":{\"@type\":\"EntryPoint\",\"urlTemplate\":\"https:\/\/instavolt.ie\/ga\/?s={search_term_string}\"},\"query-input\":{\"@type\":\"PropertyValueSpecification\",\"valueRequired\":true,\"valueName\":\"search_term_string\"}}],\"inLanguage\":\"ga-IE\"},{\"@type\":\"Organization\",\"@id\":\"https:\/\/instavolt.ie\/ga\/#organization\",\"name\":\"Instavolt\",\"url\":\"https:\/\/instavolt.ie\/ga\/\",\"logo\":{\"@type\":\"ImageObject\",\"inLanguage\":\"ga-IE\",\"@id\":\"https:\/\/instavolt.ie\/ga\/#\/schema\/logo\/image\/\",\"url\":\"https:\/\/instavolt.adriandavey.rouge-dev3.com\/wp-content\/uploads\/2018\/04\/o6OpjiLz_400x400.jpg\",\"contentUrl\":\"https:\/\/instavolt.adriandavey.rouge-dev3.com\/wp-content\/uploads\/2018\/04\/o6OpjiLz_400x400.jpg\",\"width\":400,\"height\":400,\"caption\":\"Instavolt\"},\"image\":{\"@id\":\"https:\/\/instavolt.ie\/ga\/#\/schema\/logo\/image\/\"},\"sameAs\":[\"https:\/\/x.com\/instavoltuk\",\"https:\/\/www.linkedin.com\/company\/instavolt\/\"]}]}<\/script>\n<!-- \/ Yoast SEO plugin. -->","yoast_head_json":{"title":"Luchtair\u00ed Tapa, \u00c1iti\u00fala, FL| Lucht\u00fa FL| InstaVolt","description":"Tap\u00e1il agus \u00edoc ag \u00e1r st\u00e1isi\u00fain luchtaithe feithicil leictreacha go l\u00e9ir le do ch\u00e1rta gan tadhall agus seachain \u00edoc as t\u00e1ill\u00ed ballra\u00edochta n\u00f3 luchtair\u00ed fholaithe.","robots":{"index":"index","follow":"follow","max-snippet":"max-snippet:-1","max-image-preview":"max-image-preview:large","max-video-preview":"max-video-preview:-1"},"canonical":"https:\/\/instavolt.ie\/ga\/tiomanaithe\/","twitter_card":"summary_large_image","twitter_title":"Luchtair\u00ed Tapa, \u00c1iti\u00fala, FL| Lucht\u00fa FL| InstaVolt","twitter_description":"Tap\u00e1il agus \u00edoc ag \u00e1r st\u00e1isi\u00fain luchtaithe feithicil leictreacha go l\u00e9ir le do ch\u00e1rta gan tadhall agus seachain \u00edoc as t\u00e1ill\u00ed ballra\u00edochta n\u00f3 luchtair\u00ed fholaithe.","twitter_site":"@instavoltuk","twitter_misc":{"Est. reading time":"7 minutes"},"schema":{"@context":"https:\/\/schema.org","@graph":[{"@type":"WebPage","@id":"https:\/\/instavolt.ie\/ga\/tiomanaithe\/","url":"https:\/\/instavolt.ie\/ga\/tiomanaithe\/","name":"Luchtair\u00ed Tapa, \u00c1iti\u00fala, FL| Lucht\u00fa FL| InstaVolt","isPartOf":{"@id":"https:\/\/instavolt.ie\/ga\/#website"},"datePublished":"2018-04-09T13:11:30+00:00","dateModified":"2025-04-11T15:34:06+00:00","description":"Tap\u00e1il agus \u00edoc ag \u00e1r st\u00e1isi\u00fain luchtaithe feithicil leictreacha go l\u00e9ir le do ch\u00e1rta gan tadhall agus seachain \u00edoc as t\u00e1ill\u00ed ballra\u00edochta n\u00f3 luchtair\u00ed fholaithe.","breadcrumb":{"@id":"https:\/\/instavolt.ie\/ga\/tiomanaithe\/#breadcrumb"},"inLanguage":"ga-IE","potentialAction":[{"@type":"ReadAction","target":["https:\/\/instavolt.ie\/ga\/tiomanaithe\/"]}]},{"@type":"BreadcrumbList","@id":"https:\/\/instavolt.ie\/ga\/tiomanaithe\/#breadcrumb","itemListElement":[{"@type":"ListItem","position":1,"name":"Home","item":"https:\/\/instavolt.ie\/ga\/"},{"@type":"ListItem","position":2,"name":"Tiom\u00e1naithe"}]},{"@type":"WebSite","@id":"https:\/\/instavolt.ie\/ga\/#website","url":"https:\/\/instavolt.ie\/ga\/","name":"InstaVolt","description":"Simple EV charging","publisher":{"@id":"https:\/\/instavolt.ie\/ga\/#organization"},"potentialAction":[{"@type":"SearchAction","target":{"@type":"EntryPoint","urlTemplate":"https:\/\/instavolt.ie\/ga\/?s={search_term_string}"},"query-input":{"@type":"PropertyValueSpecification","valueRequired":true,"valueName":"search_term_string"}}],"inLanguage":"ga-IE"},{"@type":"Organization","@id":"https:\/\/instavolt.ie\/ga\/#organization","name":"Instavolt","url":"https:\/\/instavolt.ie\/ga\/","logo":{"@type":"ImageObject","inLanguage":"ga-IE","@id":"https:\/\/instavolt.ie\/ga\/#\/schema\/logo\/image\/","url":"https:\/\/instavolt.adriandavey.rouge-dev3.com\/wp-content\/uploads\/2018\/04\/o6OpjiLz_400x400.jpg","contentUrl":"https:\/\/instavolt.adriandavey.rouge-dev3.com\/wp-content\/uploads\/2018\/04\/o6OpjiLz_400x400.jpg","width":400,"height":400,"caption":"Instavolt"},"image":{"@id":"https:\/\/instavolt.ie\/ga\/#\/schema\/logo\/image\/"},"sameAs":["https:\/\/x.com\/instavoltuk","https:\/\/www.linkedin.com\/company\/instavolt\/"]}]}},"_links":{"self":[{"href":"https:\/\/instavolt.ie\/ga\/wp-json\/wp\/v2\/pages\/197120","targetHints":{"allow":["GET"]}}],"collection":[{"href":"https:\/\/instavolt.ie\/ga\/wp-json\/wp\/v2\/pages"}],"about":[{"href":"https:\/\/instavolt.ie\/ga\/wp-json\/wp\/v2\/types\/page"}],"author":[{"embeddable":true,"href":"https:\/\/instavolt.ie\/ga\/wp-json\/wp\/v2\/users\/4"}],"replies":[{"embeddable":true,"href":"https:\/\/instavolt.ie\/ga\/wp-json\/wp\/v2\/comments?post=197120"}],"version-history":[{"count":0,"href":"https:\/\/instavolt.ie\/ga\/wp-json\/wp\/v2\/pages\/197120\/revisions"}],"wp:attachment":[{"href":"https:\/\/instavolt.ie\/ga\/wp-json\/wp\/v2\/media?parent=197120"}],"curies":[{"name":"wp","href":"https:\/\/api.w.org\/{rel}","templated":true}]}}