{"id":197118,"date":"2018-04-11T14:59:24","date_gmt":"2018-04-11T13:59:24","guid":{"rendered":"https:\/\/instavolt.ie\/faoi-instavolt-lionra-luchtaithe-fl-poibli\/"},"modified":"2024-03-18T14:54:18","modified_gmt":"2024-03-18T14:54:18","slug":"faoi-instavolt-lionra-luchtaithe-fl-poibli","status":"publish","type":"page","link":"https:\/\/instavolt.ie\/ga\/faoi-instavolt-lionra-luchtaithe-fl-poibli\/","title":{"rendered":"Faoi InstaVolt: L\u00edonra Luchtaithe FL Poibl\u00ed"},"content":{"rendered":"","protected":false},"excerpt":{"rendered":"","protected":false},"author":4,"featured_media":0,"parent":0,"menu_order":0,"comment_status":"closed","ping_status":"closed","template":"templates\/page-about-us.php","meta":{"_acf_changed":false,"footnotes":""},"class_list":["post-197118","page","type-page","status-publish","hentry"],"acf":[],"yoast_head":"<!-- This site is optimized with the Yoast SEO plugin v27.0 - https:\/\/yoast.com\/product\/yoast-seo-wordpress\/ -->\n<title>Faoi InstaVolt: L\u00edonra Luchtaithe FL Poibl\u00ed - InstaVolt - Sol\u00e1thra\u00ed L\u00edonra Luchtaithe FL Mear Poibl\u00ed<\/title>\n<meta name=\"description\" content=\"Faoi InstaVolt. D\u00e9anann InstaVolt st\u00e1isi\u00fain luchtaithe fheithicl\u00ed leictreacha (FL) a fhorbairt, a shuite\u00e1il, a \u00fain\u00e9ireacht agus a oibri\u00fa.\" \/>\n<meta name=\"robots\" content=\"index, follow, max-snippet:-1, max-image-preview:large, max-video-preview:-1\" \/>\n<link rel=\"canonical\" href=\"https:\/\/instavolt.ie\/ga\/faoi-instavolt-lionra-luchtaithe-fl-poibli\/\" \/>\n<meta name=\"twitter:card\" content=\"summary_large_image\" \/>\n<meta name=\"twitter:title\" content=\"Faoi InstaVolt: L\u00edonra Luchtaithe FL Poibl\u00ed - InstaVolt - Sol\u00e1thra\u00ed L\u00edonra Luchtaithe FL Mear Poibl\u00ed\" \/>\n<meta name=\"twitter:description\" content=\"Faoi InstaVolt. D\u00e9anann InstaVolt st\u00e1isi\u00fain luchtaithe fheithicl\u00ed leictreacha (FL) a fhorbairt, a shuite\u00e1il, a \u00fain\u00e9ireacht agus a oibri\u00fa.\" \/>\n<meta name=\"twitter:site\" content=\"@instavoltuk\" \/>\n<meta name=\"twitter:label1\" content=\"Est. reading time\" \/>\n\t<meta name=\"twitter:data1\" content=\"6 minutes\" \/>\n<script type=\"application\/ld+json\" class=\"yoast-schema-graph\">{\"@context\":\"https:\/\/schema.org\",\"@graph\":[{\"@type\":\"WebPage\",\"@id\":\"https:\/\/instavolt.ie\/ga\/faoi-instavolt-lionra-luchtaithe-fl-poibli\/\",\"url\":\"https:\/\/instavolt.ie\/ga\/faoi-instavolt-lionra-luchtaithe-fl-poibli\/\",\"name\":\"Faoi InstaVolt: L\u00edonra Luchtaithe FL Poibl\u00ed - InstaVolt - Sol\u00e1thra\u00ed L\u00edonra Luchtaithe FL Mear Poibl\u00ed\",\"isPartOf\":{\"@id\":\"https:\/\/instavolt.ie\/ga\/#website\"},\"datePublished\":\"2018-04-11T13:59:24+00:00\",\"dateModified\":\"2024-03-18T14:54:18+00:00\",\"description\":\"Faoi InstaVolt. D\u00e9anann InstaVolt st\u00e1isi\u00fain luchtaithe fheithicl\u00ed leictreacha (FL) a fhorbairt, a shuite\u00e1il, a \u00fain\u00e9ireacht agus a oibri\u00fa.\",\"breadcrumb\":{\"@id\":\"https:\/\/instavolt.ie\/ga\/faoi-instavolt-lionra-luchtaithe-fl-poibli\/#breadcrumb\"},\"inLanguage\":\"ga-IE\",\"potentialAction\":[{\"@type\":\"ReadAction\",\"target\":[\"https:\/\/instavolt.ie\/ga\/faoi-instavolt-lionra-luchtaithe-fl-poibli\/\"]}]},{\"@type\":\"BreadcrumbList\",\"@id\":\"https:\/\/instavolt.ie\/ga\/faoi-instavolt-lionra-luchtaithe-fl-poibli\/#breadcrumb\",\"itemListElement\":[{\"@type\":\"ListItem\",\"position\":1,\"name\":\"Home\",\"item\":\"https:\/\/instavolt.ie\/ga\/\"},{\"@type\":\"ListItem\",\"position\":2,\"name\":\"Faoi InstaVolt: L\u00edonra Luchtaithe FL Poibl\u00ed\"}]},{\"@type\":\"WebSite\",\"@id\":\"https:\/\/instavolt.ie\/ga\/#website\",\"url\":\"https:\/\/instavolt.ie\/ga\/\",\"name\":\"InstaVolt\",\"description\":\"Simple EV charging\",\"publisher\":{\"@id\":\"https:\/\/instavolt.ie\/ga\/#organization\"},\"potentialAction\":[{\"@type\":\"SearchAction\",\"target\":{\"@type\":\"EntryPoint\",\"urlTemplate\":\"https:\/\/instavolt.ie\/ga\/?s={search_term_string}\"},\"query-input\":{\"@type\":\"PropertyValueSpecification\",\"valueRequired\":true,\"valueName\":\"search_term_string\"}}],\"inLanguage\":\"ga-IE\"},{\"@type\":\"Organization\",\"@id\":\"https:\/\/instavolt.ie\/ga\/#organization\",\"name\":\"Instavolt\",\"url\":\"https:\/\/instavolt.ie\/ga\/\",\"logo\":{\"@type\":\"ImageObject\",\"inLanguage\":\"ga-IE\",\"@id\":\"https:\/\/instavolt.ie\/ga\/#\/schema\/logo\/image\/\",\"url\":\"https:\/\/instavolt.adriandavey.rouge-dev3.com\/wp-content\/uploads\/2018\/04\/o6OpjiLz_400x400.jpg\",\"contentUrl\":\"https:\/\/instavolt.adriandavey.rouge-dev3.com\/wp-content\/uploads\/2018\/04\/o6OpjiLz_400x400.jpg\",\"width\":400,\"height\":400,\"caption\":\"Instavolt\"},\"image\":{\"@id\":\"https:\/\/instavolt.ie\/ga\/#\/schema\/logo\/image\/\"},\"sameAs\":[\"https:\/\/x.com\/instavoltuk\",\"https:\/\/www.linkedin.com\/company\/instavolt\/\"]}]}<\/script>\n<!-- \/ Yoast SEO plugin. -->","yoast_head_json":{"title":"Faoi InstaVolt: L\u00edonra Luchtaithe FL Poibl\u00ed - InstaVolt - Sol\u00e1thra\u00ed L\u00edonra Luchtaithe FL Mear Poibl\u00ed","description":"Faoi InstaVolt. D\u00e9anann InstaVolt st\u00e1isi\u00fain luchtaithe fheithicl\u00ed leictreacha (FL) a fhorbairt, a shuite\u00e1il, a \u00fain\u00e9ireacht agus a oibri\u00fa.","robots":{"index":"index","follow":"follow","max-snippet":"max-snippet:-1","max-image-preview":"max-image-preview:large","max-video-preview":"max-video-preview:-1"},"canonical":"https:\/\/instavolt.ie\/ga\/faoi-instavolt-lionra-luchtaithe-fl-poibli\/","twitter_card":"summary_large_image","twitter_title":"Faoi InstaVolt: L\u00edonra Luchtaithe FL Poibl\u00ed - InstaVolt - Sol\u00e1thra\u00ed L\u00edonra Luchtaithe FL Mear Poibl\u00ed","twitter_description":"Faoi InstaVolt. D\u00e9anann InstaVolt st\u00e1isi\u00fain luchtaithe fheithicl\u00ed leictreacha (FL) a fhorbairt, a shuite\u00e1il, a \u00fain\u00e9ireacht agus a oibri\u00fa.","twitter_site":"@instavoltuk","twitter_misc":{"Est. reading time":"6 minutes"},"schema":{"@context":"https:\/\/schema.org","@graph":[{"@type":"WebPage","@id":"https:\/\/instavolt.ie\/ga\/faoi-instavolt-lionra-luchtaithe-fl-poibli\/","url":"https:\/\/instavolt.ie\/ga\/faoi-instavolt-lionra-luchtaithe-fl-poibli\/","name":"Faoi InstaVolt: L\u00edonra Luchtaithe FL Poibl\u00ed - InstaVolt - Sol\u00e1thra\u00ed L\u00edonra Luchtaithe FL Mear Poibl\u00ed","isPartOf":{"@id":"https:\/\/instavolt.ie\/ga\/#website"},"datePublished":"2018-04-11T13:59:24+00:00","dateModified":"2024-03-18T14:54:18+00:00","description":"Faoi InstaVolt. D\u00e9anann InstaVolt st\u00e1isi\u00fain luchtaithe fheithicl\u00ed leictreacha (FL) a fhorbairt, a shuite\u00e1il, a \u00fain\u00e9ireacht agus a oibri\u00fa.","breadcrumb":{"@id":"https:\/\/instavolt.ie\/ga\/faoi-instavolt-lionra-luchtaithe-fl-poibli\/#breadcrumb"},"inLanguage":"ga-IE","potentialAction":[{"@type":"ReadAction","target":["https:\/\/instavolt.ie\/ga\/faoi-instavolt-lionra-luchtaithe-fl-poibli\/"]}]},{"@type":"BreadcrumbList","@id":"https:\/\/instavolt.ie\/ga\/faoi-instavolt-lionra-luchtaithe-fl-poibli\/#breadcrumb","itemListElement":[{"@type":"ListItem","position":1,"name":"Home","item":"https:\/\/instavolt.ie\/ga\/"},{"@type":"ListItem","position":2,"name":"Faoi InstaVolt: L\u00edonra Luchtaithe FL Poibl\u00ed"}]},{"@type":"WebSite","@id":"https:\/\/instavolt.ie\/ga\/#website","url":"https:\/\/instavolt.ie\/ga\/","name":"InstaVolt","description":"Simple EV charging","publisher":{"@id":"https:\/\/instavolt.ie\/ga\/#organization"},"potentialAction":[{"@type":"SearchAction","target":{"@type":"EntryPoint","urlTemplate":"https:\/\/instavolt.ie\/ga\/?s={search_term_string}"},"query-input":{"@type":"PropertyValueSpecification","valueRequired":true,"valueName":"search_term_string"}}],"inLanguage":"ga-IE"},{"@type":"Organization","@id":"https:\/\/instavolt.ie\/ga\/#organization","name":"Instavolt","url":"https:\/\/instavolt.ie\/ga\/","logo":{"@type":"ImageObject","inLanguage":"ga-IE","@id":"https:\/\/instavolt.ie\/ga\/#\/schema\/logo\/image\/","url":"https:\/\/instavolt.adriandavey.rouge-dev3.com\/wp-content\/uploads\/2018\/04\/o6OpjiLz_400x400.jpg","contentUrl":"https:\/\/instavolt.adriandavey.rouge-dev3.com\/wp-content\/uploads\/2018\/04\/o6OpjiLz_400x400.jpg","width":400,"height":400,"caption":"Instavolt"},"image":{"@id":"https:\/\/instavolt.ie\/ga\/#\/schema\/logo\/image\/"},"sameAs":["https:\/\/x.com\/instavoltuk","https:\/\/www.linkedin.com\/company\/instavolt\/"]}]}},"_links":{"self":[{"href":"https:\/\/instavolt.ie\/ga\/wp-json\/wp\/v2\/pages\/197118","targetHints":{"allow":["GET"]}}],"collection":[{"href":"https:\/\/instavolt.ie\/ga\/wp-json\/wp\/v2\/pages"}],"about":[{"href":"https:\/\/instavolt.ie\/ga\/wp-json\/wp\/v2\/types\/page"}],"author":[{"embeddable":true,"href":"https:\/\/instavolt.ie\/ga\/wp-json\/wp\/v2\/users\/4"}],"replies":[{"embeddable":true,"href":"https:\/\/instavolt.ie\/ga\/wp-json\/wp\/v2\/comments?post=197118"}],"version-history":[{"count":0,"href":"https:\/\/instavolt.ie\/ga\/wp-json\/wp\/v2\/pages\/197118\/revisions"}],"wp:attachment":[{"href":"https:\/\/instavolt.ie\/ga\/wp-json\/wp\/v2\/media?parent=197118"}],"curies":[{"name":"wp","href":"https:\/\/api.w.org\/{rel}","templated":true}]}}