{"id":197112,"date":"2020-05-27T08:06:38","date_gmt":"2020-05-27T07:06:38","guid":{"rendered":"https:\/\/instavolt.ie\/aimsigh-do-luchtaire-leictreach-is-gaire-duit\/"},"modified":"2024-03-18T14:46:05","modified_gmt":"2024-03-18T14:46:05","slug":"aimsigh-do-luchtaire-leictreach-is-gaire-duit","status":"publish","type":"page","link":"https:\/\/instavolt.ie\/ga\/aimsigh-do-luchtaire-leictreach-is-gaire-duit\/","title":{"rendered":"Aimsigh do luchtaire leictreach is gaire duit"},"content":{"rendered":"","protected":false},"excerpt":{"rendered":"","protected":false},"author":4,"featured_media":0,"parent":0,"menu_order":0,"comment_status":"closed","ping_status":"closed","template":"templates\/page-locations.php","meta":{"_acf_changed":false,"footnotes":""},"class_list":["post-197112","page","type-page","status-publish","hentry"],"acf":[],"yoast_head":"<!-- This site is optimized with the Yoast SEO plugin v27.3 - https:\/\/yoast.com\/product\/yoast-seo-wordpress\/ -->\n<title>Aimsigh an st\u00e1isi\u00fan luchtaithe feithicle leictreacha is gaire duit tr\u00edn\u00e1r l\u00e9arsc\u00e1il<\/title>\n<meta name=\"description\" content=\"Bain \u00fas\u00e1id as \u00e1r l\u00e9arsc\u00e1il idirghn\u00edomhach chun teacht ar do st\u00e1isi\u00fan luchtaithe feithicl\u00ed leictreacha instaVolt poibl\u00ed is gaire at\u00e1 ar f\u00e1il.\" \/>\n<meta name=\"robots\" content=\"noindex, nofollow\" \/>\n<meta name=\"twitter:card\" content=\"summary_large_image\" \/>\n<meta name=\"twitter:title\" content=\"Aimsigh an st\u00e1isi\u00fan luchtaithe feithicle leictreacha is gaire duit tr\u00edn\u00e1r l\u00e9arsc\u00e1il\" \/>\n<meta name=\"twitter:description\" content=\"Le 1000+ st\u00e1isi\u00fain luchtaithe tapa feithicl\u00ed leictreacha ar fud na R\u00edochta Aontaithe, bain \u00fas\u00e1id as \u00e1r l\u00e9arsc\u00e1il idirghn\u00edomhach chun an st\u00e1isi\u00fan luchtaithe InstaVolt is gaire duit a aimsi\u00fa.\" \/>\n<meta name=\"twitter:site\" content=\"@instavoltuk\" \/>\n<meta name=\"twitter:label1\" content=\"Est. reading time\" \/>\n\t<meta name=\"twitter:data1\" content=\"1 minute\" \/>\n<script type=\"application\/ld+json\" class=\"yoast-schema-graph\">{\"@context\":\"https:\\\/\\\/schema.org\",\"@graph\":[{\"@type\":\"WebPage\",\"@id\":\"https:\\\/\\\/instavolt.ie\\\/ga\\\/aimsigh-do-luchtaire-leictreach-is-gaire-duit\\\/\",\"url\":\"https:\\\/\\\/instavolt.ie\\\/ga\\\/aimsigh-do-luchtaire-leictreach-is-gaire-duit\\\/\",\"name\":\"Aimsigh an st\u00e1isi\u00fan luchtaithe feithicle leictreacha is gaire duit tr\u00edn\u00e1r l\u00e9arsc\u00e1il\",\"isPartOf\":{\"@id\":\"https:\\\/\\\/instavolt.ie\\\/ga\\\/#website\"},\"datePublished\":\"2020-05-27T07:06:38+00:00\",\"dateModified\":\"2024-03-18T14:46:05+00:00\",\"description\":\"Bain \u00fas\u00e1id as \u00e1r l\u00e9arsc\u00e1il idirghn\u00edomhach chun teacht ar do st\u00e1isi\u00fan luchtaithe feithicl\u00ed leictreacha instaVolt poibl\u00ed is gaire at\u00e1 ar f\u00e1il.\",\"breadcrumb\":{\"@id\":\"https:\\\/\\\/instavolt.ie\\\/ga\\\/aimsigh-do-luchtaire-leictreach-is-gaire-duit\\\/#breadcrumb\"},\"inLanguage\":\"ga-IE\",\"potentialAction\":[{\"@type\":\"ReadAction\",\"target\":[\"https:\\\/\\\/instavolt.ie\\\/ga\\\/aimsigh-do-luchtaire-leictreach-is-gaire-duit\\\/\"]}]},{\"@type\":\"BreadcrumbList\",\"@id\":\"https:\\\/\\\/instavolt.ie\\\/ga\\\/aimsigh-do-luchtaire-leictreach-is-gaire-duit\\\/#breadcrumb\",\"itemListElement\":[{\"@type\":\"ListItem\",\"position\":1,\"name\":\"Home\",\"item\":\"https:\\\/\\\/instavolt.ie\\\/ga\\\/\"},{\"@type\":\"ListItem\",\"position\":2,\"name\":\"Aimsigh do luchtaire leictreach is gaire duit\"}]},{\"@type\":\"WebSite\",\"@id\":\"https:\\\/\\\/instavolt.ie\\\/ga\\\/#website\",\"url\":\"https:\\\/\\\/instavolt.ie\\\/ga\\\/\",\"name\":\"InstaVolt\",\"description\":\"Simple EV charging\",\"publisher\":{\"@id\":\"https:\\\/\\\/instavolt.ie\\\/ga\\\/#organization\"},\"potentialAction\":[{\"@type\":\"SearchAction\",\"target\":{\"@type\":\"EntryPoint\",\"urlTemplate\":\"https:\\\/\\\/instavolt.ie\\\/ga\\\/?s={search_term_string}\"},\"query-input\":{\"@type\":\"PropertyValueSpecification\",\"valueRequired\":true,\"valueName\":\"search_term_string\"}}],\"inLanguage\":\"ga-IE\"},{\"@type\":\"Organization\",\"@id\":\"https:\\\/\\\/instavolt.ie\\\/ga\\\/#organization\",\"name\":\"Instavolt\",\"url\":\"https:\\\/\\\/instavolt.ie\\\/ga\\\/\",\"logo\":{\"@type\":\"ImageObject\",\"inLanguage\":\"ga-IE\",\"@id\":\"https:\\\/\\\/instavolt.ie\\\/ga\\\/#\\\/schema\\\/logo\\\/image\\\/\",\"url\":\"https:\\\/\\\/instavolt.adriandavey.rouge-dev3.com\\\/wp-content\\\/uploads\\\/2018\\\/04\\\/o6OpjiLz_400x400.jpg\",\"contentUrl\":\"https:\\\/\\\/instavolt.adriandavey.rouge-dev3.com\\\/wp-content\\\/uploads\\\/2018\\\/04\\\/o6OpjiLz_400x400.jpg\",\"width\":400,\"height\":400,\"caption\":\"Instavolt\"},\"image\":{\"@id\":\"https:\\\/\\\/instavolt.ie\\\/ga\\\/#\\\/schema\\\/logo\\\/image\\\/\"},\"sameAs\":[\"https:\\\/\\\/x.com\\\/instavoltuk\",\"https:\\\/\\\/www.linkedin.com\\\/company\\\/instavolt\\\/\"]}]}<\/script>\n<!-- \/ Yoast SEO plugin. -->","yoast_head_json":{"title":"Aimsigh an st\u00e1isi\u00fan luchtaithe feithicle leictreacha is gaire duit tr\u00edn\u00e1r l\u00e9arsc\u00e1il","description":"Bain \u00fas\u00e1id as \u00e1r l\u00e9arsc\u00e1il idirghn\u00edomhach chun teacht ar do st\u00e1isi\u00fan luchtaithe feithicl\u00ed leictreacha instaVolt poibl\u00ed is gaire at\u00e1 ar f\u00e1il.","robots":{"index":"noindex","follow":"nofollow"},"twitter_card":"summary_large_image","twitter_title":"Aimsigh an st\u00e1isi\u00fan luchtaithe feithicle leictreacha is gaire duit tr\u00edn\u00e1r l\u00e9arsc\u00e1il","twitter_description":"Le 1000+ st\u00e1isi\u00fain luchtaithe tapa feithicl\u00ed leictreacha ar fud na R\u00edochta Aontaithe, bain \u00fas\u00e1id as \u00e1r l\u00e9arsc\u00e1il idirghn\u00edomhach chun an st\u00e1isi\u00fan luchtaithe InstaVolt is gaire duit a aimsi\u00fa.","twitter_site":"@instavoltuk","twitter_misc":{"Est. reading time":"1 minute"},"schema":{"@context":"https:\/\/schema.org","@graph":[{"@type":"WebPage","@id":"https:\/\/instavolt.ie\/ga\/aimsigh-do-luchtaire-leictreach-is-gaire-duit\/","url":"https:\/\/instavolt.ie\/ga\/aimsigh-do-luchtaire-leictreach-is-gaire-duit\/","name":"Aimsigh an st\u00e1isi\u00fan luchtaithe feithicle leictreacha is gaire duit tr\u00edn\u00e1r l\u00e9arsc\u00e1il","isPartOf":{"@id":"https:\/\/instavolt.ie\/ga\/#website"},"datePublished":"2020-05-27T07:06:38+00:00","dateModified":"2024-03-18T14:46:05+00:00","description":"Bain \u00fas\u00e1id as \u00e1r l\u00e9arsc\u00e1il idirghn\u00edomhach chun teacht ar do st\u00e1isi\u00fan luchtaithe feithicl\u00ed leictreacha instaVolt poibl\u00ed is gaire at\u00e1 ar f\u00e1il.","breadcrumb":{"@id":"https:\/\/instavolt.ie\/ga\/aimsigh-do-luchtaire-leictreach-is-gaire-duit\/#breadcrumb"},"inLanguage":"ga-IE","potentialAction":[{"@type":"ReadAction","target":["https:\/\/instavolt.ie\/ga\/aimsigh-do-luchtaire-leictreach-is-gaire-duit\/"]}]},{"@type":"BreadcrumbList","@id":"https:\/\/instavolt.ie\/ga\/aimsigh-do-luchtaire-leictreach-is-gaire-duit\/#breadcrumb","itemListElement":[{"@type":"ListItem","position":1,"name":"Home","item":"https:\/\/instavolt.ie\/ga\/"},{"@type":"ListItem","position":2,"name":"Aimsigh do luchtaire leictreach is gaire duit"}]},{"@type":"WebSite","@id":"https:\/\/instavolt.ie\/ga\/#website","url":"https:\/\/instavolt.ie\/ga\/","name":"InstaVolt","description":"Simple EV charging","publisher":{"@id":"https:\/\/instavolt.ie\/ga\/#organization"},"potentialAction":[{"@type":"SearchAction","target":{"@type":"EntryPoint","urlTemplate":"https:\/\/instavolt.ie\/ga\/?s={search_term_string}"},"query-input":{"@type":"PropertyValueSpecification","valueRequired":true,"valueName":"search_term_string"}}],"inLanguage":"ga-IE"},{"@type":"Organization","@id":"https:\/\/instavolt.ie\/ga\/#organization","name":"Instavolt","url":"https:\/\/instavolt.ie\/ga\/","logo":{"@type":"ImageObject","inLanguage":"ga-IE","@id":"https:\/\/instavolt.ie\/ga\/#\/schema\/logo\/image\/","url":"https:\/\/instavolt.adriandavey.rouge-dev3.com\/wp-content\/uploads\/2018\/04\/o6OpjiLz_400x400.jpg","contentUrl":"https:\/\/instavolt.adriandavey.rouge-dev3.com\/wp-content\/uploads\/2018\/04\/o6OpjiLz_400x400.jpg","width":400,"height":400,"caption":"Instavolt"},"image":{"@id":"https:\/\/instavolt.ie\/ga\/#\/schema\/logo\/image\/"},"sameAs":["https:\/\/x.com\/instavoltuk","https:\/\/www.linkedin.com\/company\/instavolt\/"]}]}},"_links":{"self":[{"href":"https:\/\/instavolt.ie\/ga\/wp-json\/wp\/v2\/pages\/197112","targetHints":{"allow":["GET"]}}],"collection":[{"href":"https:\/\/instavolt.ie\/ga\/wp-json\/wp\/v2\/pages"}],"about":[{"href":"https:\/\/instavolt.ie\/ga\/wp-json\/wp\/v2\/types\/page"}],"author":[{"embeddable":true,"href":"https:\/\/instavolt.ie\/ga\/wp-json\/wp\/v2\/users\/4"}],"replies":[{"embeddable":true,"href":"https:\/\/instavolt.ie\/ga\/wp-json\/wp\/v2\/comments?post=197112"}],"version-history":[{"count":0,"href":"https:\/\/instavolt.ie\/ga\/wp-json\/wp\/v2\/pages\/197112\/revisions"}],"wp:attachment":[{"href":"https:\/\/instavolt.ie\/ga\/wp-json\/wp\/v2\/media?parent=197112"}],"curies":[{"name":"wp","href":"https:\/\/api.w.org\/{rel}","templated":true}]}}